{"id":2580,"date":"2021-04-05T11:40:11","date_gmt":"2021-04-05T09:40:11","guid":{"rendered":"http:\/\/mag-art.de\/?page_id=2580"},"modified":"2022-06-13T19:43:47","modified_gmt":"2022-06-13T17:43:47","slug":"getoepferte-werke","status":"publish","type":"page","link":"http:\/\/www.mag-art.de\/?page_id=2580","title":{"rendered":"Get\u00f6pferte Werke"},"content":{"rendered":"\n<p><\/p>\n\n\n\n<div class=\"wp-block-media-text alignwide is-stacked-on-mobile\"><figure class=\"wp-block-media-text__media\"><a href=\"http:\/\/www.mag-art.de\/?page_id=2709\"><img decoding=\"async\" loading=\"lazy\" width=\"1024\" height=\"484\" src=\"http:\/\/www.mag-art.de\/wp-content\/uploads\/2021\/04\/WhatsApp-Image-2021-04-02-at-17.14.17-1024x484.jpeg\" alt=\"Lichtkugeln\" class=\"wp-image-2577\" srcset=\"http:\/\/www.mag-art.de\/wp-content\/uploads\/2021\/04\/WhatsApp-Image-2021-04-02-at-17.14.17-1024x484.jpeg 1024w, http:\/\/www.mag-art.de\/wp-content\/uploads\/2021\/04\/WhatsApp-Image-2021-04-02-at-17.14.17-600x284.jpeg 600w, http:\/\/www.mag-art.de\/wp-content\/uploads\/2021\/04\/WhatsApp-Image-2021-04-02-at-17.14.17-300x142.jpeg 300w, http:\/\/www.mag-art.de\/wp-content\/uploads\/2021\/04\/WhatsApp-Image-2021-04-02-at-17.14.17-768x363.jpeg 768w, http:\/\/www.mag-art.de\/wp-content\/uploads\/2021\/04\/WhatsApp-Image-2021-04-02-at-17.14.17-1536x727.jpeg 1536w, http:\/\/www.mag-art.de\/wp-content\/uploads\/2021\/04\/WhatsApp-Image-2021-04-02-at-17.14.17.jpeg 1600w\" sizes=\"(max-width: 1024px) 100vw, 1024px\" \/><\/a><\/figure><div class=\"wp-block-media-text__content\">\n<p class=\"has-text-align-left has-large-font-size\"><a href=\"http:\/\/www.mag-art.de\/?page_id=2709\">Verschiedenes <\/a><\/p>\n<\/div><\/div>\n\n\n\n<div style=\"height:34px\" aria-hidden=\"true\" class=\"wp-block-spacer\"><\/div>\n\n\n\n<div class=\"wp-block-media-text alignwide has-media-on-the-right is-stacked-on-mobile is-image-fill\"><figure class=\"wp-block-media-text__media\" style=\"background-image:url(http:\/\/www.mag-art.de\/wp-content\/uploads\/2021\/10\/20211002_124802-557x1024.jpg);background-position:50% 50%\"><a href=\"http:\/\/www.mag-art.de\/?page_id=2711\"><img decoding=\"async\" loading=\"lazy\" width=\"557\" height=\"1024\" src=\"http:\/\/www.mag-art.de\/wp-content\/uploads\/2021\/10\/20211002_124802-557x1024.jpg\" alt=\"\" class=\"wp-image-2641\" srcset=\"http:\/\/www.mag-art.de\/wp-content\/uploads\/2021\/10\/20211002_124802-557x1024.jpg 557w, http:\/\/www.mag-art.de\/wp-content\/uploads\/2021\/10\/20211002_124802-163x300.jpg 163w, http:\/\/www.mag-art.de\/wp-content\/uploads\/2021\/10\/20211002_124802-768x1413.jpg 768w, http:\/\/www.mag-art.de\/wp-content\/uploads\/2021\/10\/20211002_124802-835x1536.jpg 835w, http:\/\/www.mag-art.de\/wp-content\/uploads\/2021\/10\/20211002_124802-1113x2048.jpg 1113w, http:\/\/www.mag-art.de\/wp-content\/uploads\/2021\/10\/20211002_124802-600x1104.jpg 600w, http:\/\/www.mag-art.de\/wp-content\/uploads\/2021\/10\/20211002_124802-scaled.jpg 1392w\" sizes=\"(max-width: 557px) 100vw, 557px\" \/><\/a><\/figure><div class=\"wp-block-media-text__content\">\n<p class=\"has-large-font-size\"><a href=\"http:\/\/www.mag-art.de\/?page_id=2711\">Deko f\u00fcr drinnen &amp; drau\u00dfen<\/a><\/p>\n<\/div><\/div>\n\n\n\n<div style=\"height:34px\" aria-hidden=\"true\" class=\"wp-block-spacer\"><\/div>\n\n\n\n<div class=\"wp-block-media-text alignwide is-stacked-on-mobile\"><figure class=\"wp-block-media-text__media\"><a href=\"http:\/\/www.mag-art.de\/?page_id=2704\"><img decoding=\"async\" loading=\"lazy\" width=\"1024\" height=\"485\" src=\"http:\/\/www.mag-art.de\/wp-content\/uploads\/2021\/10\/20210907_172351-1024x485.jpg\" alt=\"Haushaltshelfer\" class=\"wp-image-2662\" srcset=\"http:\/\/www.mag-art.de\/wp-content\/uploads\/2021\/10\/20210907_172351-1024x485.jpg 1024w, http:\/\/www.mag-art.de\/wp-content\/uploads\/2021\/10\/20210907_172351-300x142.jpg 300w, http:\/\/www.mag-art.de\/wp-content\/uploads\/2021\/10\/20210907_172351-768x363.jpg 768w, http:\/\/www.mag-art.de\/wp-content\/uploads\/2021\/10\/20210907_172351-1536x727.jpg 1536w, http:\/\/www.mag-art.de\/wp-content\/uploads\/2021\/10\/20210907_172351-2048x969.jpg 2048w, http:\/\/www.mag-art.de\/wp-content\/uploads\/2021\/10\/20210907_172351-600x284.jpg 600w\" sizes=\"(max-width: 1024px) 100vw, 1024px\" \/><\/a><\/figure><div class=\"wp-block-media-text__content\">\n<p class=\"has-large-font-size\"><a href=\"http:\/\/www.mag-art.de\/?page_id=2704\">K\u00fcche &amp; Co.<\/a><\/p>\n<\/div><\/div>\n\n\n\n<div style=\"height:34px\" aria-hidden=\"true\" class=\"wp-block-spacer\"><\/div>\n\n\n\n<div class=\"wp-block-media-text alignwide has-media-on-the-right is-stacked-on-mobile\"><figure class=\"wp-block-media-text__media\"><a href=\"http:\/\/www.mag-art.de\/?page_id=2707\"><img decoding=\"async\" loading=\"lazy\" width=\"557\" height=\"1024\" src=\"http:\/\/www.mag-art.de\/wp-content\/uploads\/2021\/10\/20211002_124802-557x1024.jpg\" alt=\"\" class=\"wp-image-2641\" srcset=\"http:\/\/www.mag-art.de\/wp-content\/uploads\/2021\/10\/20211002_124802-557x1024.jpg 557w, http:\/\/www.mag-art.de\/wp-content\/uploads\/2021\/10\/20211002_124802-163x300.jpg 163w, http:\/\/www.mag-art.de\/wp-content\/uploads\/2021\/10\/20211002_124802-768x1413.jpg 768w, http:\/\/www.mag-art.de\/wp-content\/uploads\/2021\/10\/20211002_124802-835x1536.jpg 835w, http:\/\/www.mag-art.de\/wp-content\/uploads\/2021\/10\/20211002_124802-1113x2048.jpg 1113w, http:\/\/www.mag-art.de\/wp-content\/uploads\/2021\/10\/20211002_124802-600x1104.jpg 600w, http:\/\/www.mag-art.de\/wp-content\/uploads\/2021\/10\/20211002_124802-scaled.jpg 1392w\" sizes=\"(max-width: 557px) 100vw, 557px\" \/><\/a><\/figure><div class=\"wp-block-media-text__content\">\n<p class=\"has-large-font-size\"><a href=\"http:\/\/www.mag-art.de\/?page_id=2707\">Stelen &amp; Gartenstecker<\/a><\/p>\n<\/div><\/div>\n\n\n\n<div style=\"height:34px\" aria-hidden=\"true\" class=\"wp-block-spacer\"><\/div>\n\n\n\n<div class=\"wp-block-media-text alignwide is-stacked-on-mobile\"><figure class=\"wp-block-media-text__media\"><a href=\"http:\/\/www.mag-art.de\/?page_id=2726\"><img decoding=\"async\" loading=\"lazy\" width=\"1024\" height=\"484\" src=\"http:\/\/www.mag-art.de\/wp-content\/uploads\/2021\/04\/WhatsApp-Image-2021-04-02-at-17.14.17-1024x484.jpeg\" alt=\"Lichtkugeln\" class=\"wp-image-2577\" srcset=\"http:\/\/www.mag-art.de\/wp-content\/uploads\/2021\/04\/WhatsApp-Image-2021-04-02-at-17.14.17-1024x484.jpeg 1024w, http:\/\/www.mag-art.de\/wp-content\/uploads\/2021\/04\/WhatsApp-Image-2021-04-02-at-17.14.17-600x284.jpeg 600w, http:\/\/www.mag-art.de\/wp-content\/uploads\/2021\/04\/WhatsApp-Image-2021-04-02-at-17.14.17-300x142.jpeg 300w, http:\/\/www.mag-art.de\/wp-content\/uploads\/2021\/04\/WhatsApp-Image-2021-04-02-at-17.14.17-768x363.jpeg 768w, http:\/\/www.mag-art.de\/wp-content\/uploads\/2021\/04\/WhatsApp-Image-2021-04-02-at-17.14.17-1536x727.jpeg 1536w, http:\/\/www.mag-art.de\/wp-content\/uploads\/2021\/04\/WhatsApp-Image-2021-04-02-at-17.14.17.jpeg 1600w\" sizes=\"(max-width: 1024px) 100vw, 1024px\" \/><\/a><\/figure><div class=\"wp-block-media-text__content\">\n<p class=\"has-large-font-size\"><a href=\"http:\/\/www.mag-art.de\/?page_id=2726\">Licht &amp; Co.<\/a><\/p>\n<\/div><\/div>\n\n\n\n<div style=\"height:34px\" aria-hidden=\"true\" class=\"wp-block-spacer\"><\/div>\n\n\n\n<p><\/p>\n","protected":false},"excerpt":{"rendered":"<p>Verschiedenes Deko f\u00fcr drinnen &amp; drau\u00dfen K\u00fcche &amp; Co. Stelen &amp; Gartenstecker Licht &amp; Co.<\/p>\n","protected":false},"author":1,"featured_media":0,"parent":0,"menu_order":0,"comment_status":"closed","ping_status":"closed","template":"","meta":[],"_links":{"self":[{"href":"http:\/\/www.mag-art.de\/index.php?rest_route=\/wp\/v2\/pages\/2580"}],"collection":[{"href":"http:\/\/www.mag-art.de\/index.php?rest_route=\/wp\/v2\/pages"}],"about":[{"href":"http:\/\/www.mag-art.de\/index.php?rest_route=\/wp\/v2\/types\/page"}],"author":[{"embeddable":true,"href":"http:\/\/www.mag-art.de\/index.php?rest_route=\/wp\/v2\/users\/1"}],"replies":[{"embeddable":true,"href":"http:\/\/www.mag-art.de\/index.php?rest_route=%2Fwp%2Fv2%2Fcomments&post=2580"}],"version-history":[{"count":8,"href":"http:\/\/www.mag-art.de\/index.php?rest_route=\/wp\/v2\/pages\/2580\/revisions"}],"predecessor-version":[{"id":2730,"href":"http:\/\/www.mag-art.de\/index.php?rest_route=\/wp\/v2\/pages\/2580\/revisions\/2730"}],"wp:attachment":[{"href":"http:\/\/www.mag-art.de\/index.php?rest_route=%2Fwp%2Fv2%2Fmedia&parent=2580"}],"curies":[{"name":"wp","href":"https:\/\/api.w.org\/{rel}","templated":true}]}}